{"id":4850,"date":"2022-08-31T12:48:47","date_gmt":"2022-08-31T12:48:47","guid":{"rendered":"https:\/\/nguard.swiss\/fr\/?page_id=4850"},"modified":"2023-02-01T21:54:45","modified_gmt":"2023-02-01T21:54:45","slug":"watchguard-endpoint-management-demo","status":"publish","type":"page","link":"https:\/\/nguard.swiss\/fr\/nguard-products\/watchguard-endpoint-management-demo\/","title":{"rendered":"WatchGuard Endpoint Security Demo"},"content":{"rendered":"<style>.elementor-4850 .elementor-element.elementor-element-e05d555:not(.elementor-motion-effects-element-type-background), .elementor-4850 .elementor-element.elementor-element-e05d555 > .elementor-motion-effects-container > .elementor-motion-effects-layer{background-color:#000000;}.elementor-4850 .elementor-element.elementor-element-e05d555 > .elementor-background-overlay{background-color:#0F0E21;opacity:0;transition:background 0.3s, border-radius 0.3s, opacity 0.3s;}.elementor-4850 .elementor-element.elementor-element-e05d555{transition:background 0.3s, border 0.3s, border-radius 0.3s, box-shadow 0.3s;margin-top:5px;margin-bottom:0px;padding:0px 0px 0px 0px;}.elementor-4850 .elementor-element.elementor-element-cf1d512:not(.elementor-motion-effects-element-type-background) > .elementor-widget-wrap, .elementor-4850 .elementor-element.elementor-element-cf1d512 > .elementor-widget-wrap > .elementor-motion-effects-container > .elementor-motion-effects-layer{background-image:url(\"https:\/\/nguard.swiss\/fr\/wp-content\/uploads\/2022\/08\/hdr-Endpoint_Demo.png\");background-position:center right;background-repeat:no-repeat;background-size:auto;}.elementor-4850 .elementor-element.elementor-element-cf1d512 > .elementor-element-populated{transition:background 0.3s, border 0.3s, border-radius 0.3s, box-shadow 0.3s;padding:50px 0px 50px 0px;}.elementor-4850 .elementor-element.elementor-element-cf1d512 > .elementor-element-populated > .elementor-background-overlay{transition:background 0.3s, border-radius 0.3s, opacity 0.3s;}.elementor-widget-text-editor{font-family:var( --e-global-typography-text-font-family ), Sans-serif;font-weight:var( --e-global-typography-text-font-weight );color:var( --e-global-color-text );}.elementor-widget-text-editor.elementor-drop-cap-view-stacked .elementor-drop-cap{background-color:var( --e-global-color-primary );}.elementor-widget-text-editor.elementor-drop-cap-view-framed .elementor-drop-cap, .elementor-widget-text-editor.elementor-drop-cap-view-default .elementor-drop-cap{color:var( --e-global-color-primary );border-color:var( --e-global-color-primary );}.elementor-4850 .elementor-element.elementor-element-df8648c{text-align:start;font-family:\"Hind\", Sans-serif;font-size:50px;font-weight:600;line-height:0.5em;color:#FFFFFF;}.elementor-4850 .elementor-element.elementor-element-df8648c > .elementor-widget-container{margin:0px 0px 0px 0px;}.elementor-4850 .elementor-element.elementor-element-1f7a04a{text-align:start;font-family:\"Roboto\", Sans-serif;font-size:18px;color:var( --e-global-color-bc87a38 );}.elementor-4850 .elementor-element.elementor-element-0f831f2{margin-top:20px;margin-bottom:0px;padding:50px 0px 100px 0px;z-index:1;}.elementor-4850 .elementor-element.elementor-element-e7fe38e > .elementor-element-populated{padding:0px 0px 0px 0px;}.elementor-widget-heading .elementor-heading-title{font-family:var( --e-global-typography-primary-font-family ), Sans-serif;font-weight:var( --e-global-typography-primary-font-weight );color:var( --e-global-color-primary );}.elementor-4850 .elementor-element.elementor-element-4ace18b{text-align:start;}.elementor-4850 .elementor-element.elementor-element-4ace18b .elementor-heading-title{font-family:\"Roboto\", Sans-serif;font-weight:600;color:var( --e-global-color-66d36bc );}.elementor-widget-icon-list .elementor-icon-list-item:not(:last-child):after{border-color:var( --e-global-color-text );}.elementor-widget-icon-list .elementor-icon-list-icon i{color:var( --e-global-color-primary );}.elementor-widget-icon-list .elementor-icon-list-icon svg{fill:var( --e-global-color-primary );}.elementor-widget-icon-list .elementor-icon-list-item > .elementor-icon-list-text, .elementor-widget-icon-list .elementor-icon-list-item > a{font-family:var( --e-global-typography-text-font-family ), Sans-serif;font-weight:var( --e-global-typography-text-font-weight );}.elementor-widget-icon-list .elementor-icon-list-text{color:var( --e-global-color-secondary );}.elementor-4850 .elementor-element.elementor-element-3a23f96 .elementor-icon-list-items:not(.elementor-inline-items) .elementor-icon-list-item:not(:last-child){padding-block-end:calc(15px\/2);}.elementor-4850 .elementor-element.elementor-element-3a23f96 .elementor-icon-list-items:not(.elementor-inline-items) .elementor-icon-list-item:not(:first-child){margin-block-start:calc(15px\/2);}.elementor-4850 .elementor-element.elementor-element-3a23f96 .elementor-icon-list-items.elementor-inline-items .elementor-icon-list-item{margin-inline:calc(15px\/2);}.elementor-4850 .elementor-element.elementor-element-3a23f96 .elementor-icon-list-items.elementor-inline-items{margin-inline:calc(-15px\/2);}.elementor-4850 .elementor-element.elementor-element-3a23f96 .elementor-icon-list-items.elementor-inline-items .elementor-icon-list-item:after{inset-inline-end:calc(-15px\/2);}.elementor-4850 .elementor-element.elementor-element-3a23f96 .elementor-icon-list-icon i{color:var( --e-global-color-4e0a737 );transition:color 0.3s;}.elementor-4850 .elementor-element.elementor-element-3a23f96 .elementor-icon-list-icon svg{fill:var( --e-global-color-4e0a737 );transition:fill 0.3s;}.elementor-4850 .elementor-element.elementor-element-3a23f96 .elementor-icon-list-item:hover .elementor-icon-list-icon i{color:var( --e-global-color-16936c0 );}.elementor-4850 .elementor-element.elementor-element-3a23f96 .elementor-icon-list-item:hover .elementor-icon-list-icon svg{fill:var( --e-global-color-16936c0 );}.elementor-4850 .elementor-element.elementor-element-3a23f96{--e-icon-list-icon-size:15px;--e-icon-list-icon-align:left;--e-icon-list-icon-margin:0 calc(var(--e-icon-list-icon-size, 1em) * 0.25) 0 0;--icon-vertical-offset:0px;}.elementor-4850 .elementor-element.elementor-element-3a23f96 .elementor-icon-list-text{color:var( --e-global-color-c39f203 );transition:color 0.3s;}.elementor-4850 .elementor-element.elementor-element-3a23f96 .elementor-icon-list-item:hover .elementor-icon-list-text{color:var( --e-global-color-16936c0 );}.elementor-4850 .elementor-element.elementor-element-3a23f96 > .elementor-widget-container{padding:0px 50px 0px 20px;}.elementor-4850 .elementor-element.elementor-element-5d9cb61 > .elementor-element-populated{border-style:solid;border-width:3px 3px 3px 3px;border-color:var( --e-global-color-16936c0 );padding:20px 20px 20px 20px;}.elementor-4850 .elementor-element.elementor-element-5d9cb61 > .elementor-element-populated, .elementor-4850 .elementor-element.elementor-element-5d9cb61 > .elementor-element-populated > .elementor-background-overlay, .elementor-4850 .elementor-element.elementor-element-5d9cb61 > .elementor-background-slideshow{border-radius:10px 10px 10px 10px;}.elementor-4850 .elementor-element.elementor-element-d62d22d{text-align:center;}.elementor-4850 .elementor-element.elementor-element-d62d22d .elementor-heading-title{font-family:\"Roboto\", Sans-serif;font-weight:600;color:var( --e-global-color-66d36bc );}.elementor-4850 .elementor-element.elementor-element-d62d22d > .elementor-widget-container{padding:0px 50px 0px 50px;}.elementor-widget-button .elementor-button{font-family:var( --e-global-typography-accent-font-family ), Sans-serif;font-weight:var( --e-global-typography-accent-font-weight );background-color:var( --e-global-color-accent );}.elementor-4850 .elementor-element.elementor-element-9e0f8bd .elementor-button{font-family:\"Hind\", Sans-serif;font-weight:700;fill:#FFFFFF;color:#FFFFFF;background-color:var( --e-global-color-4e0a737 );border-radius:5px 5px 5px 5px;padding:15px 25px 15px 25px;}.elementor-4850 .elementor-element.elementor-element-9e0f8bd .elementor-button:hover, .elementor-4850 .elementor-element.elementor-element-9e0f8bd .elementor-button:focus{background-color:var( --e-global-color-16936c0 );}.elementor-4850 .elementor-element.elementor-element-9e0f8bd > .elementor-widget-container{margin:30px 0px 0px 0px;}@media(min-width:768px){.elementor-4850 .elementor-element.elementor-element-a8ee515{width:44.385%;}.elementor-4850 .elementor-element.elementor-element-36e588d{width:55.615%;}.elementor-4850 .elementor-element.elementor-element-e7fe38e{width:69.956%;}.elementor-4850 .elementor-element.elementor-element-5d9cb61{width:30%;}}@media(max-width:1024px){.elementor-4850 .elementor-element.elementor-element-e05d555{padding:20px 20px 20px 20px;}.elementor-4850 .elementor-element.elementor-element-cf1d512 > .elementor-element-populated{padding:0px 30px 0px 30px;}.elementor-4850 .elementor-element.elementor-element-df8648c{font-size:55px;}}@media(max-width:767px){.elementor-4850 .elementor-element.elementor-element-e05d555{padding:0px 0px 0px 0px;}.elementor-4850 .elementor-element.elementor-element-df8648c{font-size:28px;line-height:1em;}.elementor-4850 .elementor-element.elementor-element-df8648c > .elementor-widget-container{margin:20px 0px 20px 0px;}.elementor-4850 .elementor-element.elementor-element-1f7a04a > .elementor-widget-container{padding:0px 20px 0px 20px;}.elementor-4850 .elementor-element.elementor-element-0f831f2{padding:30px 0px 30px 0px;}.elementor-4850 .elementor-element.elementor-element-e7fe38e > .elementor-element-populated{padding:10px 10px 10px 10px;}}@media(max-width:1024px) and (min-width:768px){.elementor-4850 .elementor-element.elementor-element-cf1d512{width:100%;}}<\/style>\t\t<div data-elementor-type=\"wp-page\" data-elementor-id=\"4850\" class=\"elementor elementor-4850\" data-elementor-post-type=\"page\">\n\t\t\t\t\t\t<section class=\"elementor-section elementor-top-section elementor-element elementor-element-e05d555 elementor-section-boxed elementor-section-height-default elementor-section-height-default\" data-id=\"e05d555\" data-element_type=\"section\" data-e-type=\"section\" data-settings=\"{&quot;background_background&quot;:&quot;classic&quot;}\">\n\t\t\t\t\t\t\t<div class=\"elementor-background-overlay\"><\/div>\n\t\t\t\t\t\t\t<div class=\"elementor-container elementor-column-gap-default\">\n\t\t\t\t\t<div class=\"elementor-column elementor-col-100 elementor-top-column elementor-element elementor-element-cf1d512\" data-id=\"cf1d512\" data-element_type=\"column\" data-e-type=\"column\" data-settings=\"{&quot;background_background&quot;:&quot;classic&quot;}\">\n\t\t\t<div class=\"elementor-widget-wrap elementor-element-populated\">\n\t\t\t\t\t\t<div class=\"elementor-element elementor-element-df8648c elementor-widget elementor-widget-text-editor\" data-id=\"df8648c\" data-element_type=\"widget\" data-e-type=\"widget\" data-widget_type=\"text-editor.default\">\n\t\t\t\t<div class=\"elementor-widget-container\">\n\t\t\t\t\t\t\t\t\t<p>Prenez WatchGuard<\/p><p>S\u00e9curit\u00e9 des terminaux<\/p><p>pour un essai routier<\/p>\t\t\t\t\t\t\t\t<\/div>\n\t\t\t\t<\/div>\n\t\t\t\t<section class=\"elementor-section elementor-inner-section elementor-element elementor-element-cba74b2 elementor-section-boxed elementor-section-height-default elementor-section-height-default\" data-id=\"cba74b2\" data-element_type=\"section\" data-e-type=\"section\">\n\t\t\t\t\t\t<div class=\"elementor-container elementor-column-gap-default\">\n\t\t\t\t\t<div class=\"elementor-column elementor-col-50 elementor-inner-column elementor-element elementor-element-a8ee515\" data-id=\"a8ee515\" data-element_type=\"column\" data-e-type=\"column\">\n\t\t\t<div class=\"elementor-widget-wrap elementor-element-populated\">\n\t\t\t\t\t\t<div class=\"elementor-element elementor-element-1f7a04a elementor-widget elementor-widget-text-editor\" data-id=\"1f7a04a\" data-element_type=\"widget\" data-e-type=\"widget\" data-widget_type=\"text-editor.default\">\n\t\t\t\t<div class=\"elementor-widget-container\">\n\t\t\t\t\t\t\t\t\t<p>D\u00e9couvrez WatchGuard Endpoint Protection Detection and Response (EPDR) et ses modules compl\u00e9mentaires dans cette d\u00e9mo \u00e0 votre rythme.<\/p>\t\t\t\t\t\t\t\t<\/div>\n\t\t\t\t<\/div>\n\t\t\t\t\t<\/div>\n\t\t<\/div>\n\t\t\t\t<div class=\"elementor-column elementor-col-50 elementor-inner-column elementor-element elementor-element-36e588d\" data-id=\"36e588d\" data-element_type=\"column\" data-e-type=\"column\">\n\t\t\t<div class=\"elementor-widget-wrap\">\n\t\t\t\t\t\t\t<\/div>\n\t\t<\/div>\n\t\t\t\t\t<\/div>\n\t\t<\/section>\n\t\t\t\t\t<\/div>\n\t\t<\/div>\n\t\t\t\t\t<\/div>\n\t\t<\/section>\n\t\t\t\t<section class=\"elementor-section elementor-top-section elementor-element elementor-element-0f831f2 elementor-section-boxed elementor-section-height-default elementor-section-height-default\" data-id=\"0f831f2\" data-element_type=\"section\" data-e-type=\"section\">\n\t\t\t\t\t\t<div class=\"elementor-container elementor-column-gap-default\">\n\t\t\t\t\t<div class=\"elementor-column elementor-col-50 elementor-top-column elementor-element elementor-element-e7fe38e\" data-id=\"e7fe38e\" data-element_type=\"column\" data-e-type=\"column\">\n\t\t\t<div class=\"elementor-widget-wrap elementor-element-populated\">\n\t\t\t\t\t\t<div class=\"elementor-element elementor-element-4ace18b elementor-widget elementor-widget-heading\" data-id=\"4ace18b\" data-element_type=\"widget\" data-e-type=\"widget\" data-widget_type=\"heading.default\">\n\t\t\t\t<div class=\"elementor-widget-container\">\n\t\t\t\t\t<h2 class=\"elementor-heading-title elementor-size-default\">D\u00e9couvrez comment vous pouvez\u00a0:<\/h2>\t\t\t\t<\/div>\n\t\t\t\t<\/div>\n\t\t\t\t<div class=\"elementor-element elementor-element-3a23f96 elementor-icon-list--layout-traditional elementor-list-item-link-full_width elementor-widget elementor-widget-icon-list\" data-id=\"3a23f96\" data-element_type=\"widget\" data-e-type=\"widget\" data-widget_type=\"icon-list.default\">\n\t\t\t\t<div class=\"elementor-widget-container\">\n\t\t\t\t\t\t\t<ul class=\"elementor-icon-list-items\">\n\t\t\t\t\t\t\t<li class=\"elementor-icon-list-item\">\n\t\t\t\t\t\t\t\t\t\t\t<span class=\"elementor-icon-list-icon\">\n\t\t\t\t\t\t\t<i aria-hidden=\"true\" class=\"fas fa-arrow-circle-right\"><\/i>\t\t\t\t\t\t<\/span>\n\t\t\t\t\t\t\t\t\t\t<span class=\"elementor-icon-list-text\">D\u00e9tectez et arr\u00eatez les attaques de logiciels malveillants et de ran\u00e7ongiciels avant qu'ils ne se propagent<\/span>\n\t\t\t\t\t\t\t\t\t<\/li>\n\t\t\t\t\t\t\t\t<li class=\"elementor-icon-list-item\">\n\t\t\t\t\t\t\t\t\t\t\t<span class=\"elementor-icon-list-icon\">\n\t\t\t\t\t\t\t<i aria-hidden=\"true\" class=\"fas fa-arrow-circle-right\"><\/i>\t\t\t\t\t\t<\/span>\n\t\t\t\t\t\t\t\t\t\t<span class=\"elementor-icon-list-text\">Analyser toute activit\u00e9 suspecte potentiellement li\u00e9e au piratage et enqu\u00eater sur les indicateurs d'attaque (IoA)<\/span>\n\t\t\t\t\t\t\t\t\t<\/li>\n\t\t\t\t\t\t\t\t<li class=\"elementor-icon-list-item\">\n\t\t\t\t\t\t\t\t\t\t\t<span class=\"elementor-icon-list-icon\">\n\t\t\t\t\t\t\t<i aria-hidden=\"true\" class=\"fas fa-arrow-circle-right\"><\/i>\t\t\t\t\t\t<\/span>\n\t\t\t\t\t\t\t\t\t\t<span class=\"elementor-icon-list-text\">D\u00e9couvrez les vuln\u00e9rabilit\u00e9s et d\u00e9ployez les correctifs manquants pour les syst\u00e8mes d'exploitation et les applications tierces<\/span>\n\t\t\t\t\t\t\t\t\t<\/li>\n\t\t\t\t\t\t\t\t<li class=\"elementor-icon-list-item\">\n\t\t\t\t\t\t\t\t\t\t\t<span class=\"elementor-icon-list-icon\">\n\t\t\t\t\t\t\t<i aria-hidden=\"true\" class=\"fas fa-arrow-circle-right\"><\/i>\t\t\t\t\t\t<\/span>\n\t\t\t\t\t\t\t\t\t\t<span class=\"elementor-icon-list-text\">Emp\u00eacher l'acc\u00e8s non autoris\u00e9 et l'exposition des donn\u00e9es en appliquant des politiques de chiffrement complet<\/span>\n\t\t\t\t\t\t\t\t\t<\/li>\n\t\t\t\t\t\t\t\t<li class=\"elementor-icon-list-item\">\n\t\t\t\t\t\t\t\t\t\t\t<span class=\"elementor-icon-list-icon\">\n\t\t\t\t\t\t\t<i aria-hidden=\"true\" class=\"fas fa-arrow-circle-right\"><\/i>\t\t\t\t\t\t<\/span>\n\t\t\t\t\t\t\t\t\t\t<span class=\"elementor-icon-list-text\">B\u00e9n\u00e9ficiez d'une meilleure visibilit\u00e9 et comprenez le contexte pour d\u00e9tecter les attaques et les comportements inhabituels avant qu'un incident ne se produise<\/span>\n\t\t\t\t\t\t\t\t\t<\/li>\n\t\t\t\t\t\t\t\t<li class=\"elementor-icon-list-item\">\n\t\t\t\t\t\t\t\t\t\t\t<span class=\"elementor-icon-list-icon\">\n\t\t\t\t\t\t\t<i aria-hidden=\"true\" class=\"fas fa-arrow-circle-right\"><\/i>\t\t\t\t\t\t<\/span>\n\t\t\t\t\t\t\t\t\t\t<span class=\"elementor-icon-list-text\">D\u00e9couvrez et surveillez les donn\u00e9es personnelles et sensibles sur vos terminaux<\/span>\n\t\t\t\t\t\t\t\t\t<\/li>\n\t\t\t\t\t\t\t\t<li class=\"elementor-icon-list-item\">\n\t\t\t\t\t\t\t\t\t\t\t<span class=\"elementor-icon-list-icon\">\n\t\t\t\t\t\t\t<i aria-hidden=\"true\" class=\"fas fa-arrow-circle-right\"><\/i>\t\t\t\t\t\t<\/span>\n\t\t\t\t\t\t\t\t\t\t<span class=\"elementor-icon-list-text\">Ne vous souciez plus du nettoyage gr\u00e2ce \u00e0 la correction automatis\u00e9e des menaces<\/span>\n\t\t\t\t\t\t\t\t\t<\/li>\n\t\t\t\t\t\t\t\t<li class=\"elementor-icon-list-item\">\n\t\t\t\t\t\t\t\t\t\t\t<span class=\"elementor-icon-list-icon\">\n\t\t\t\t\t\t\t<i aria-hidden=\"true\" class=\"fas fa-arrow-circle-right\"><\/i>\t\t\t\t\t\t<\/span>\n\t\t\t\t\t\t\t\t\t\t<span class=\"elementor-icon-list-text\">G\u00e9rez la s\u00e9curit\u00e9 de vos terminaux via une console facile \u00e0 utiliser<\/span>\n\t\t\t\t\t\t\t\t\t<\/li>\n\t\t\t\t\t\t<\/ul>\n\t\t\t\t\t\t<\/div>\n\t\t\t\t<\/div>\n\t\t\t\t\t<\/div>\n\t\t<\/div>\n\t\t\t\t<div class=\"elementor-column elementor-col-50 elementor-top-column elementor-element elementor-element-5d9cb61\" data-id=\"5d9cb61\" data-element_type=\"column\" data-e-type=\"column\">\n\t\t\t<div class=\"elementor-widget-wrap elementor-element-populated\">\n\t\t\t\t\t\t<div class=\"elementor-element elementor-element-d62d22d elementor-widget elementor-widget-heading\" data-id=\"d62d22d\" data-element_type=\"widget\" data-e-type=\"widget\" data-widget_type=\"heading.default\">\n\t\t\t\t<div class=\"elementor-widget-container\">\n\t\t\t\t\t<h3 class=\"elementor-heading-title elementor-size-default\">Bienvenue et merci pour votre int\u00e9r\u00eat.<\/h3>\t\t\t\t<\/div>\n\t\t\t\t<\/div>\n\t\t\t\t<div class=\"elementor-element elementor-element-9e0f8bd elementor-align-center elementor-mobile-align-center elementor-widget elementor-widget-button\" data-id=\"9e0f8bd\" data-element_type=\"widget\" data-e-type=\"widget\" data-widget_type=\"button.default\">\n\t\t\t\t<div class=\"elementor-widget-container\">\n\t\t\t\t\t\t\t\t\t<div class=\"elementor-button-wrapper\">\n\t\t\t\t\t<a class=\"elementor-button elementor-button-link elementor-size-sm elementor-animation-grow\" href=\"https:\/\/nguard.swiss\/fr\/nguard-products\/watchguard-endpoint-management-demo\/get-a-demo-credentials\/\">\n\t\t\t\t\t\t<span class=\"elementor-button-content-wrapper\">\n\t\t\t\t\t\t\t\t\t<span class=\"elementor-button-text\">Obtenir une d\u00e9mo<\/span>\n\t\t\t\t\t<\/span>\n\t\t\t\t\t<\/a>\n\t\t\t\t<\/div>\n\t\t\t\t\t\t\t\t<\/div>\n\t\t\t\t<\/div>\n\t\t\t\t\t<\/div>\n\t\t<\/div>\n\t\t\t\t\t<\/div>\n\t\t<\/section>\n\t\t\t\t<\/div>\n\t\t","protected":false},"excerpt":{"rendered":"<p>Prenez WatchGuard S\u00e9curit\u00e9 des terminaux pour un essai routier D\u00e9couvrez WatchGuard Endpoint Protection Detection and Response (EPDR) et ses modules compl\u00e9mentaires dans cette d\u00e9mo \u00e0 votre rythme. D\u00e9couvrez comment vous pouvez\u00a0: D\u00e9tectez et arr\u00eatez les attaques de logiciels malveillants et de ran\u00e7ongiciels avant qu&#8217;ils ne se propagent Analyser toute activit\u00e9 suspecte potentiellement li\u00e9e au piratage&#8230;<\/p>\n","protected":false},"author":2,"featured_media":0,"parent":1931,"menu_order":17,"comment_status":"closed","ping_status":"closed","template":"","meta":{"_seopress_robots_primary_cat":"","_seopress_titles_title":"%%post_title%% %%sep%% %%sitetitle%%","_seopress_titles_desc":"L&#039;approche unique de n&#039;guard en mati\u00e8re de s\u00e9curit\u00e9 r\u00e9seau vise \u00e0 apporter la meilleure s\u00e9curit\u00e9 de niveau entreprise \u00e0 toute organisation, en collaboration avec Watchguard.","_seopress_robots_index":"","_kad_blocks_custom_css":"","_kad_blocks_head_custom_js":"","_kad_blocks_body_custom_js":"","_kad_blocks_footer_custom_js":"","_kadence_starter_templates_imported_post":false,"_kad_post_transparent":"","_kad_post_title":"","_kad_post_layout":"","_kad_post_sidebar_id":"","_kad_post_content_style":"","_kad_post_vertical_padding":"","_kad_post_feature":"","_kad_post_feature_position":"","_kad_post_header":false,"_kad_post_footer":false,"footnotes":""},"class_list":["post-4850","page","type-page","status-publish","hentry"],"taxonomy_info":[],"featured_image_src_large":false,"author_info":{"display_name":"Info Team","author_link":"https:\/\/nguard.swiss\/fr\/author\/infoteam\/"},"comment_info":0,"_links":{"self":[{"href":"https:\/\/nguard.swiss\/fr\/wp-json\/wp\/v2\/pages\/4850","targetHints":{"allow":["GET"]}}],"collection":[{"href":"https:\/\/nguard.swiss\/fr\/wp-json\/wp\/v2\/pages"}],"about":[{"href":"https:\/\/nguard.swiss\/fr\/wp-json\/wp\/v2\/types\/page"}],"author":[{"embeddable":true,"href":"https:\/\/nguard.swiss\/fr\/wp-json\/wp\/v2\/users\/2"}],"replies":[{"embeddable":true,"href":"https:\/\/nguard.swiss\/fr\/wp-json\/wp\/v2\/comments?post=4850"}],"version-history":[{"count":5,"href":"https:\/\/nguard.swiss\/fr\/wp-json\/wp\/v2\/pages\/4850\/revisions"}],"predecessor-version":[{"id":7496,"href":"https:\/\/nguard.swiss\/fr\/wp-json\/wp\/v2\/pages\/4850\/revisions\/7496"}],"up":[{"embeddable":true,"href":"https:\/\/nguard.swiss\/fr\/wp-json\/wp\/v2\/pages\/1931"}],"wp:attachment":[{"href":"https:\/\/nguard.swiss\/fr\/wp-json\/wp\/v2\/media?parent=4850"}],"curies":[{"name":"wp","href":"https:\/\/api.w.org\/{rel}","templated":true}]}}